{"id":46327,"date":"2022-03-07T16:10:58","date_gmt":"2022-03-07T21:10:58","guid":{"rendered":"https:\/\/climateactionnetwork.ca\/abonnez-vous\/"},"modified":"2026-01-14T15:47:00","modified_gmt":"2026-01-14T20:47:00","slug":"abonnez-vous","status":"publish","type":"page","link":"https:\/\/climateactionnetwork.ca\/fr\/abonnez-vous\/","title":{"rendered":"Abonnez-vous"},"content":{"rendered":"<p><div class=\"fusion-fullwidth fullwidth-box fusion-builder-row-1 fusion-flex-container breadcrumb-wrapper nonhundred-percent-fullwidth non-hundred-percent-height-scrolling\" style=\"background-color: rgba(255,255,255,0);background-position: center center;background-repeat: no-repeat;border-width: 0px 0px 0px 0px;border-color:var(--awb-color3);border-style:solid;\" ><div class=\"fusion-builder-row fusion-row fusion-flex-align-items-flex-start\" style=\"max-width:1352px;margin-left: calc(-4% \/ 2 );margin-right: calc(-4% \/ 2 );\"><div class=\"fusion-layout-column fusion_builder_column fusion-builder-column-0 fusion_builder_column_1_1 1_1 fusion-flex-column\"><div class=\"fusion-column-wrapper fusion-flex-justify-content-flex-start fusion-content-layout-column\" style=\"background-position:left top;background-repeat:no-repeat;-webkit-background-size:cover;-moz-background-size:cover;-o-background-size:cover;background-size:cover;padding: 2rem 0px 0px 0px;\"><style type=\"text\/css\">.fusion-breadcrumbs.fusion-breadcrumbs-1{font-size:14px;}.fusion-breadcrumbs.fusion-breadcrumbs-1 span a:hover{color:var(--awb-color4) !important;}.fusion-breadcrumbs.fusion-breadcrumbs-1{color:var(--awb-color6);}.fusion-breadcrumbs.fusion-breadcrumbs-1 a{color:var(--awb-color6);}<\/style><div class=\"fusion-breadcrumbs fusion-breadcrumbs-1\"><span><span><a href=\"https:\/\/climateactionnetwork.ca\/fr\/\">Home<\/a><\/span><\/span><\/div><div class=\"fusion-separator fusion-full-width-sep\" style=\"align-self: center;margin-left: auto;margin-right: auto;width:100%;\"><div class=\"fusion-separator-border sep-single\" style=\"border-color:var(--awb-color2);border-top-width:1px;\"><\/div><\/div><\/div><style type=\"text\/css\">.fusion-body .fusion-builder-column-0{width:100% !important;margin-top : 0px;margin-bottom : 0px;}.fusion-builder-column-0 > .fusion-column-wrapper {padding-top : 2rem !important;padding-right : 0px !important;margin-right : 1.92%;padding-bottom : 0 !important;padding-left : 0px !important;margin-left : 1.92%;}@media only screen and (max-width:1024px) {.fusion-body .fusion-builder-column-0{width:100% !important;order : 0;}.fusion-builder-column-0 > .fusion-column-wrapper {margin-right : 1.92%;margin-left : 1.92%;}}@media only screen and (max-width:800px) {.fusion-body .fusion-builder-column-0{width:100% !important;order : 0;}.fusion-builder-column-0 > .fusion-column-wrapper {margin-right : 1.92%;margin-left : 1.92%;}}<\/style><\/div><\/div><style type=\"text\/css\">.fusion-body .fusion-flex-container.fusion-builder-row-1{ padding-top : 0px;margin-top : 0;padding-right : 0px;padding-bottom : 0px;margin-bottom : 0px;padding-left : 0px;}<\/style><\/div>\n<div class=\"fusion-fullwidth fullwidth-box fusion-builder-row-2 fusion-flex-container fusion-parallax-none nonhundred-percent-fullwidth non-hundred-percent-height-scrolling\" style=\"background-color: rgba(255,255,255,0);background-image: url(&quot;https:\/\/climateactionnetwork.ca\/wp-content\/uploads\/swoosh_16.png&quot;);background-position: center center;background-repeat: no-repeat;border-width: 0px 0px 0px 0px;border-color:var(--awb-color3);border-style:solid;-webkit-background-size:cover;-moz-background-size:cover;-o-background-size:cover;background-size:cover;\" ><div class=\"fusion-builder-row fusion-row fusion-flex-align-items-flex-start fusion-flex-justify-content-center\" style=\"max-width:1352px;margin-left: calc(-4% \/ 2 );margin-right: calc(-4% \/ 2 );\"><div class=\"fusion-layout-column fusion_builder_column fusion-builder-column-1 fusion_builder_column_1_1 1_1 fusion-flex-column\"><div class=\"fusion-column-wrapper fusion-flex-justify-content-flex-start fusion-content-layout-column\" style=\"background-position:left top;background-repeat:no-repeat;-webkit-background-size:cover;-moz-background-size:cover;-o-background-size:cover;background-size:cover;padding: 0px 0px 0px 0px;\"><style type=\"text\/css\">@media only screen and (max-width:1024px) {.fusion-title.fusion-title-1{margin-top:10px!important; margin-right:0px!important;margin-bottom:15px!important;margin-left:0px!important;}}@media only screen and (max-width:800px) {.fusion-title.fusion-title-1{margin-top:10px!important; margin-right:0px!important;margin-bottom:10px!important; margin-left:0px!important;}}<\/style><div class=\"fusion-title title fusion-title-1 fusion-sep-none fusion-title-text fusion-title-size-two\" style=\"margin-top:10px;margin-right:0px;margin-bottom:15px;margin-left:0px;\"><h2 class=\"title-heading-left\" style=\"margin:0;color:#252525;\">Gardez le contact!<\/h2><\/div><div class=\"fusion-text fusion-text-1\" style=\"text-transform:none;\"><p>Soyez parmi les premiers \u00e0 conna\u00eetre nos plus r\u00e9centes nouvelles! Abonnez-vous \u00e0 notre Bulletin climatique pour vous restez \u00e0 l&rsquo;aff\u00fbt des derni\u00e8res nouvelles climatiques, recevez nos communiqu\u00e9s sp\u00e9ciaux et toutes les informations sur les \u00e9v\u00e9nements et les nouvelles de CAN-Rac.<\/p>\n<\/div><\/div><style type=\"text\/css\">.fusion-body .fusion-builder-column-1{width:100% !important;margin-top : 0px;margin-bottom : 20px;}.fusion-builder-column-1 > .fusion-column-wrapper {padding-top : 0px !important;padding-right : 0px !important;margin-right : 1.92%;padding-bottom : 0px !important;padding-left : 0px !important;margin-left : 1.92%;}@media only screen and (max-width:1024px) {.fusion-body .fusion-builder-column-1{width:100% !important;order : 0;}.fusion-builder-column-1 > .fusion-column-wrapper {margin-right : 1.92%;margin-left : 1.92%;}}@media only screen and (max-width:800px) {.fusion-body .fusion-builder-column-1{width:100% !important;order : 0;}.fusion-builder-column-1 > .fusion-column-wrapper {margin-right : 1.92%;margin-left : 1.92%;}}<\/style><\/div><\/div><style type=\"text\/css\">.fusion-body .fusion-flex-container.fusion-builder-row-2{ padding-top : 0px;margin-top : 0px;padding-right : 0px;padding-bottom : 0px;margin-bottom : 0;padding-left : 0px;}<\/style><\/div><div class=\"fusion-fullwidth fullwidth-box fusion-builder-row-3 fusion-flex-container has-pattern-background has-mask-background nonhundred-percent-fullwidth non-hundred-percent-height-scrolling\" style=\"background-color: rgba(255,255,255,0);background-position: right top;background-repeat: no-repeat;border-width: 0px 0px 0px 0px;border-color:var(--awb-color3);border-style:solid;\" ><div class=\"fusion-builder-row fusion-row fusion-flex-align-items-flex-start fusion-flex-justify-content-center\" style=\"max-width:1352px;margin-left: calc(-4% \/ 2 );margin-right: calc(-4% \/ 2 );\"><div class=\"fusion-layout-column fusion_builder_column fusion-builder-column-2 fusion-flex-column\"><div class=\"fusion-column-wrapper fusion-flex-justify-content-flex-start fusion-content-layout-column\" style=\"background-position:left top;background-repeat:no-repeat;-webkit-background-size:cover;-moz-background-size:cover;-o-background-size:cover;background-size:cover;background-color:#757575;padding: 20px 20px 20px 20px;\"><div id=\"mc_embed_shell\"><style type=\"text\/css\">\n        #mc_embed_signup{background:#fff; false;clear:left; font:14px Helvetica,Arial,sans-serif; width: 600px;}<br \/>        \/* Add your own Mailchimp form style overrides in your site stylesheet or in this style block.<br \/>           We recommend moving this block and the preceding CSS link to the HEAD of your HTML file. *\/<br \/><\/style>\n<div id=\"mc_embed_signup\"><form id=\"mc-embedded-subscribe-form\" class=\"validate\" action=\"https:\/\/climateactionnetwork.us1.list-manage.com\/subscribe\/post?u=4cf9c25137b6bcab2fc27328c&id=600b432b14&f_id=00eaeee5f0\" method=\"post\" name=\"mc-embedded-subscribe-form\" target=\"_blank\">\n<div id=\"mc_embed_signup_scroll\">\n<h2>S'abonner<\/h2>\n\u00a0\n<div class=\"indicates-required\"><span class=\"asterisk\">*<\/span>Indique un champ obligatoire<\/div>\n\u00a0\n<div class=\"mc-field-group\"><label for=\"mce-EMAIL\">Email Address \/ Courriel <span class=\"asterisk\">*<\/span><\/label><input id=\"mce-EMAIL\" class=\"required email\" name=\"EMAIL\" required=\"\" type=\"email\" value=\"\" \/><\/div>\n<div class=\"mc-field-group\"><label for=\"mce-FNAME\">First Name \/ Pr\u00e9nom <span class=\"asterisk\">*<\/span><\/label><input id=\"mce-FNAME\" class=\"required text\" name=\"FNAME\" required=\"\" type=\"text\" value=\"\" \/><\/div>\n<div class=\"mc-field-group\"><label for=\"mce-LNAME\">Last Name \/ Nom de famille <span class=\"asterisk\">*<\/span><\/label><input id=\"mce-LNAME\" class=\"required text\" name=\"LNAME\" required=\"\" type=\"text\" value=\"\" \/><\/div>\n<div class=\"mc-field-group\"><label for=\"mce-MMERGE11\">Language \/ Langue <span class=\"asterisk\">*<\/span><\/label><select id=\"mce-MMERGE11\" class=\"required\" name=\"MMERGE11\">\n<option value=\"\"><\/option>\n<option value=\"English\">English<\/option>\n<option value=\"Fran\u00e7ais\">Fran\u00e7ais<\/option>\n<\/select><\/div>\n<div class=\"mc-field-group\"><label for=\"mce-CITY\">City \/ Ville <\/label><input id=\"mce-CITY\" class=\" text\" name=\"CITY\" type=\"text\" value=\"\" \/><\/div>\n<div class=\"mc-field-group\"><label for=\"mce-ORG\">Organization \/ Organisation <\/label><input id=\"mce-ORG\" class=\" text\" name=\"ORG\" type=\"text\" value=\"\" \/><\/div>\n<div class=\"mc-field-group\"><label for=\"mce-MMERGE12\">Province or Territory \/ Province ou territoire <\/label><select id=\"mce-MMERGE12\" class=\"\" name=\"MMERGE12\">\n<option value=\"\"><\/option>\n<option value=\"AB\">AB<\/option>\n<option value=\"BC\">BC<\/option>\n<option value=\"MB\">MB<\/option>\n<option value=\"NB\">NB<\/option>\n<option value=\"NL\">NL<\/option>\n<option value=\"NS\">NS<\/option>\n<option value=\"NT\">NT<\/option>\n<option value=\"NU\">NU<\/option>\n<option value=\"ON\">ON<\/option>\n<option value=\"PE\">PE<\/option>\n<option value=\"QC\">QC<\/option>\n<option value=\"SK\">SK<\/option>\n<option value=\"YT\">YT<\/option>\n<\/select><\/div>\n<div id=\"mce-responses\" class=\"clear\">\n<div id=\"mce-error-response\" class=\"response\" style=\"display: none;\"><\/div>\n<div id=\"mce-success-response\" class=\"response\" style=\"display: none;\"><\/div>\n<\/div>\n<div style=\"position: absolute; left: -5000px;\" aria-hidden=\"true\"><input tabindex=\"-1\" name=\"b_4cf9c25137b6bcab2fc27328c_600b432b14\" type=\"text\" value=\"\" \/><\/div>\n<div class=\"clear\"><input id=\"mc-embedded-subscribe\" class=\"button\" name=\"subscribe\" type=\"submit\" value=\"S'abonner\" \/><\/div>\n<\/div>\n<\/form><\/div>\n<script type=\"text\/javascript\" src=\"\/\/s3.amazonaws.com\/downloads.mailchimp.com\/js\/mc-validate.js\"><\/script><script type=\"text\/javascript\">(function($) {window.fnames = new Array(); window.ftypes = new Array();fnames[0]='EMAIL';ftypes[0]='email';fnames[1]='FNAME';ftypes[1]='text';fnames[2]='LNAME';ftypes[2]='text';fnames[11]='MMERGE11';ftypes[11]='dropdown';fnames[4]='CITY';ftypes[4]='text';fnames[3]='ORG';ftypes[3]='text';fnames[12]='MMERGE12';ftypes[12]='dropdown';fnames[5]='MMERGE5';ftypes[5]='text';fnames[6]='MMERGE6';ftypes[6]='text';fnames[7]='MMERGE7';ftypes[7]='text';fnames[8]='MMERGE8';ftypes[8]='text';fnames[9]='ORGANIZATI';ftypes[9]='url';fnames[10]='EMAILADDRE';ftypes[10]='text';}(jQuery));var $mcj = jQuery.noConflict(true);<\/script>\n\n<\/div><\/div><style type=\"text\/css\">.fusion-body .fusion-builder-column-2{width:80% !important;margin-top : 0px;margin-bottom : 20px;}.fusion-builder-column-2 > .fusion-column-wrapper {padding-top : 20px !important;padding-right : 20px !important;margin-right : 2.4%;padding-bottom : 20px !important;padding-left : 20px !important;margin-left : 2.4%;}@media only screen and (max-width:1024px) {.fusion-body .fusion-builder-column-2{width:100% !important;order : 0;}.fusion-builder-column-2 > .fusion-column-wrapper {padding-right : 20px !important;margin-right : 1.92%;padding-left : 20px !important;margin-left : 1.92%;}}@media only screen and (max-width:800px) {.fusion-body .fusion-builder-column-2{width:100% !important;order : 0;}.fusion-builder-column-2 > .fusion-column-wrapper {margin-right : 1.92%;margin-left : 1.92%;}}<\/style><\/div><\/div><style type=\"text\/css\">.fusion-body .fusion-flex-container.fusion-builder-row-3{ padding-top : 0px;margin-top : 0px;padding-right : 80px;padding-bottom : 80px;margin-bottom : 0px;padding-left : 80px;}@media only screen and (max-width:1024px) {.fusion-body .fusion-flex-container.fusion-builder-row-3{ padding-top : 40px;padding-right : 40px;padding-bottom : 40px;padding-left : 40px;}}@media only screen and (max-width:800px) {.fusion-body .fusion-flex-container.fusion-builder-row-3{ padding-right : 10px;padding-left : 10px;}}<\/style><\/div><\/p>\n","protected":false},"excerpt":{"rendered":"","protected":false},"author":18,"featured_media":975,"parent":0,"menu_order":0,"comment_status":"closed","ping_status":"closed","template":"100-width.php","meta":{"inline_featured_image":false,"footnotes":"","_wp_rev_ctl_limit":""},"class_list":["post-46327","page","type-page","status-publish","has-post-thumbnail","hentry"],"acf":[],"yoast_head":"<!-- This site is optimized with the Yoast SEO plugin v27.3 - https:\/\/yoast.com\/product\/yoast-seo-wordpress\/ -->\n<title>Abonnez-vous - Climate Action Network Canada (CAN-Rac)<\/title>\n<meta name=\"robots\" content=\"index, follow, max-snippet:-1, max-image-preview:large, max-video-preview:-1\" \/>\n<link rel=\"canonical\" href=\"https:\/\/climateactionnetwork.ca\/fr\/abonnez-vous\/\" \/>\n<meta property=\"og:locale\" content=\"fr_FR\" \/>\n<meta property=\"og:type\" content=\"article\" \/>\n<meta property=\"og:title\" content=\"Abonnez-vous - Climate Action Network Canada (CAN-Rac)\" \/>\n<meta property=\"og:url\" content=\"https:\/\/climateactionnetwork.ca\/fr\/abonnez-vous\/\" \/>\n<meta property=\"og:site_name\" content=\"Climate Action Network Canada (CAN-Rac)\" \/>\n<meta property=\"article:publisher\" content=\"https:\/\/www.facebook.com\/climate.action.network.canada\" \/>\n<meta property=\"article:modified_time\" content=\"2026-01-14T20:47:00+00:00\" \/>\n<meta property=\"og:image\" content=\"https:\/\/climateactionnetwork.ca\/wp-content\/uploads\/Subscribe.jpeg\" \/>\n\t<meta property=\"og:image:width\" content=\"1600\" \/>\n\t<meta property=\"og:image:height\" content=\"1066\" \/>\n\t<meta property=\"og:image:type\" content=\"image\/jpeg\" \/>\n<meta name=\"twitter:card\" content=\"summary_large_image\" \/>\n<meta name=\"twitter:site\" content=\"@CANRacCanada\" \/>\n<meta name=\"twitter:label1\" content=\"Dur\u00e9e de lecture estim\u00e9e\" \/>\n\t<meta name=\"twitter:data1\" content=\"4 minutes\" \/>\n<script type=\"application\/ld+json\" class=\"yoast-schema-graph\">{\"@context\":\"https:\\\/\\\/schema.org\",\"@graph\":[{\"@type\":\"WebPage\",\"@id\":\"https:\\\/\\\/climateactionnetwork.ca\\\/fr\\\/abonnez-vous\\\/\",\"url\":\"https:\\\/\\\/climateactionnetwork.ca\\\/fr\\\/abonnez-vous\\\/\",\"name\":\"Abonnez-vous - Climate Action Network Canada (CAN-Rac)\",\"isPartOf\":{\"@id\":\"https:\\\/\\\/climateactionnetwork.ca\\\/#website\"},\"primaryImageOfPage\":{\"@id\":\"https:\\\/\\\/climateactionnetwork.ca\\\/fr\\\/abonnez-vous\\\/#primaryimage\"},\"image\":{\"@id\":\"https:\\\/\\\/climateactionnetwork.ca\\\/fr\\\/abonnez-vous\\\/#primaryimage\"},\"thumbnailUrl\":\"https:\\\/\\\/climateactionnetwork.ca\\\/wp-content\\\/uploads\\\/Subscribe.jpeg\",\"datePublished\":\"2022-03-07T21:10:58+00:00\",\"dateModified\":\"2026-01-14T20:47:00+00:00\",\"breadcrumb\":{\"@id\":\"https:\\\/\\\/climateactionnetwork.ca\\\/fr\\\/abonnez-vous\\\/#breadcrumb\"},\"inLanguage\":\"fr-FR\",\"potentialAction\":[{\"@type\":\"ReadAction\",\"target\":[\"https:\\\/\\\/climateactionnetwork.ca\\\/fr\\\/abonnez-vous\\\/\"]}]},{\"@type\":\"ImageObject\",\"inLanguage\":\"fr-FR\",\"@id\":\"https:\\\/\\\/climateactionnetwork.ca\\\/fr\\\/abonnez-vous\\\/#primaryimage\",\"url\":\"https:\\\/\\\/climateactionnetwork.ca\\\/wp-content\\\/uploads\\\/Subscribe.jpeg\",\"contentUrl\":\"https:\\\/\\\/climateactionnetwork.ca\\\/wp-content\\\/uploads\\\/Subscribe.jpeg\",\"width\":1600,\"height\":1066},{\"@type\":\"BreadcrumbList\",\"@id\":\"https:\\\/\\\/climateactionnetwork.ca\\\/fr\\\/abonnez-vous\\\/#breadcrumb\",\"itemListElement\":[{\"@type\":\"ListItem\",\"position\":1,\"name\":\"Home\",\"item\":\"https:\\\/\\\/climateactionnetwork.ca\\\/fr\\\/\"},{\"@type\":\"ListItem\",\"position\":2,\"name\":\"Abonnez-vous\"}]},{\"@type\":\"WebSite\",\"@id\":\"https:\\\/\\\/climateactionnetwork.ca\\\/#website\",\"url\":\"https:\\\/\\\/climateactionnetwork.ca\\\/\",\"name\":\"Climate Action Network Canada (CAN-Rac)\",\"description\":\"Climate Action Network Canada (CAN-Rac)\",\"publisher\":{\"@id\":\"https:\\\/\\\/climateactionnetwork.ca\\\/#organization\"},\"potentialAction\":[{\"@type\":\"SearchAction\",\"target\":{\"@type\":\"EntryPoint\",\"urlTemplate\":\"https:\\\/\\\/climateactionnetwork.ca\\\/?s={search_term_string}\"},\"query-input\":{\"@type\":\"PropertyValueSpecification\",\"valueRequired\":true,\"valueName\":\"search_term_string\"}}],\"inLanguage\":\"fr-FR\"},{\"@type\":\"Organization\",\"@id\":\"https:\\\/\\\/climateactionnetwork.ca\\\/#organization\",\"name\":\"Climate Action Network - R\u00e9seau action climat Canada\",\"alternateName\":\"CAN-Rac\",\"url\":\"https:\\\/\\\/climateactionnetwork.ca\\\/\",\"logo\":{\"@type\":\"ImageObject\",\"inLanguage\":\"fr-FR\",\"@id\":\"https:\\\/\\\/climateactionnetwork.ca\\\/#\\\/schema\\\/logo\\\/image\\\/\",\"url\":\"https:\\\/\\\/climateactionnetwork.ca\\\/wp-content\\\/uploads\\\/CAN-Rac-Canada-logo-cmyk-png-transparent.png\",\"contentUrl\":\"https:\\\/\\\/climateactionnetwork.ca\\\/wp-content\\\/uploads\\\/CAN-Rac-Canada-logo-cmyk-png-transparent.png\",\"width\":1181,\"height\":1181,\"caption\":\"Climate Action Network - R\u00e9seau action climat Canada\"},\"image\":{\"@id\":\"https:\\\/\\\/climateactionnetwork.ca\\\/#\\\/schema\\\/logo\\\/image\\\/\"},\"sameAs\":[\"https:\\\/\\\/www.facebook.com\\\/climate.action.network.canada\",\"https:\\\/\\\/x.com\\\/CANRacCanada\"]}]}<\/script>\n<!-- \/ Yoast SEO plugin. -->","yoast_head_json":{"title":"Abonnez-vous - Climate Action Network Canada (CAN-Rac)","robots":{"index":"index","follow":"follow","max-snippet":"max-snippet:-1","max-image-preview":"max-image-preview:large","max-video-preview":"max-video-preview:-1"},"canonical":"https:\/\/climateactionnetwork.ca\/fr\/abonnez-vous\/","og_locale":"fr_FR","og_type":"article","og_title":"Abonnez-vous - Climate Action Network Canada (CAN-Rac)","og_url":"https:\/\/climateactionnetwork.ca\/fr\/abonnez-vous\/","og_site_name":"Climate Action Network Canada (CAN-Rac)","article_publisher":"https:\/\/www.facebook.com\/climate.action.network.canada","article_modified_time":"2026-01-14T20:47:00+00:00","og_image":[{"width":1600,"height":1066,"url":"https:\/\/climateactionnetwork.ca\/wp-content\/uploads\/Subscribe.jpeg","type":"image\/jpeg"}],"twitter_card":"summary_large_image","twitter_site":"@CANRacCanada","twitter_misc":{"Dur\u00e9e de lecture estim\u00e9e":"4 minutes"},"schema":{"@context":"https:\/\/schema.org","@graph":[{"@type":"WebPage","@id":"https:\/\/climateactionnetwork.ca\/fr\/abonnez-vous\/","url":"https:\/\/climateactionnetwork.ca\/fr\/abonnez-vous\/","name":"Abonnez-vous - Climate Action Network Canada (CAN-Rac)","isPartOf":{"@id":"https:\/\/climateactionnetwork.ca\/#website"},"primaryImageOfPage":{"@id":"https:\/\/climateactionnetwork.ca\/fr\/abonnez-vous\/#primaryimage"},"image":{"@id":"https:\/\/climateactionnetwork.ca\/fr\/abonnez-vous\/#primaryimage"},"thumbnailUrl":"https:\/\/climateactionnetwork.ca\/wp-content\/uploads\/Subscribe.jpeg","datePublished":"2022-03-07T21:10:58+00:00","dateModified":"2026-01-14T20:47:00+00:00","breadcrumb":{"@id":"https:\/\/climateactionnetwork.ca\/fr\/abonnez-vous\/#breadcrumb"},"inLanguage":"fr-FR","potentialAction":[{"@type":"ReadAction","target":["https:\/\/climateactionnetwork.ca\/fr\/abonnez-vous\/"]}]},{"@type":"ImageObject","inLanguage":"fr-FR","@id":"https:\/\/climateactionnetwork.ca\/fr\/abonnez-vous\/#primaryimage","url":"https:\/\/climateactionnetwork.ca\/wp-content\/uploads\/Subscribe.jpeg","contentUrl":"https:\/\/climateactionnetwork.ca\/wp-content\/uploads\/Subscribe.jpeg","width":1600,"height":1066},{"@type":"BreadcrumbList","@id":"https:\/\/climateactionnetwork.ca\/fr\/abonnez-vous\/#breadcrumb","itemListElement":[{"@type":"ListItem","position":1,"name":"Home","item":"https:\/\/climateactionnetwork.ca\/fr\/"},{"@type":"ListItem","position":2,"name":"Abonnez-vous"}]},{"@type":"WebSite","@id":"https:\/\/climateactionnetwork.ca\/#website","url":"https:\/\/climateactionnetwork.ca\/","name":"Climate Action Network Canada (CAN-Rac)","description":"Climate Action Network Canada (CAN-Rac)","publisher":{"@id":"https:\/\/climateactionnetwork.ca\/#organization"},"potentialAction":[{"@type":"SearchAction","target":{"@type":"EntryPoint","urlTemplate":"https:\/\/climateactionnetwork.ca\/?s={search_term_string}"},"query-input":{"@type":"PropertyValueSpecification","valueRequired":true,"valueName":"search_term_string"}}],"inLanguage":"fr-FR"},{"@type":"Organization","@id":"https:\/\/climateactionnetwork.ca\/#organization","name":"Climate Action Network - R\u00e9seau action climat Canada","alternateName":"CAN-Rac","url":"https:\/\/climateactionnetwork.ca\/","logo":{"@type":"ImageObject","inLanguage":"fr-FR","@id":"https:\/\/climateactionnetwork.ca\/#\/schema\/logo\/image\/","url":"https:\/\/climateactionnetwork.ca\/wp-content\/uploads\/CAN-Rac-Canada-logo-cmyk-png-transparent.png","contentUrl":"https:\/\/climateactionnetwork.ca\/wp-content\/uploads\/CAN-Rac-Canada-logo-cmyk-png-transparent.png","width":1181,"height":1181,"caption":"Climate Action Network - R\u00e9seau action climat Canada"},"image":{"@id":"https:\/\/climateactionnetwork.ca\/#\/schema\/logo\/image\/"},"sameAs":["https:\/\/www.facebook.com\/climate.action.network.canada","https:\/\/x.com\/CANRacCanada"]}]}},"_links":{"self":[{"href":"https:\/\/climateactionnetwork.ca\/fr\/wp-json\/wp\/v2\/pages\/46327","targetHints":{"allow":["GET"]}}],"collection":[{"href":"https:\/\/climateactionnetwork.ca\/fr\/wp-json\/wp\/v2\/pages"}],"about":[{"href":"https:\/\/climateactionnetwork.ca\/fr\/wp-json\/wp\/v2\/types\/page"}],"author":[{"embeddable":true,"href":"https:\/\/climateactionnetwork.ca\/fr\/wp-json\/wp\/v2\/users\/18"}],"replies":[{"embeddable":true,"href":"https:\/\/climateactionnetwork.ca\/fr\/wp-json\/wp\/v2\/comments?post=46327"}],"version-history":[{"count":26,"href":"https:\/\/climateactionnetwork.ca\/fr\/wp-json\/wp\/v2\/pages\/46327\/revisions"}],"predecessor-version":[{"id":50416,"href":"https:\/\/climateactionnetwork.ca\/fr\/wp-json\/wp\/v2\/pages\/46327\/revisions\/50416"}],"wp:featuredmedia":[{"embeddable":true,"href":"https:\/\/climateactionnetwork.ca\/fr\/wp-json\/wp\/v2\/media\/975"}],"wp:attachment":[{"href":"https:\/\/climateactionnetwork.ca\/fr\/wp-json\/wp\/v2\/media?parent=46327"}],"curies":[{"name":"wp","href":"https:\/\/api.w.org\/{rel}","templated":true}]}}