{"id":46324,"date":"2022-03-07T16:04:20","date_gmt":"2022-03-07T16:04:20","guid":{"rendered":"https:\/\/climateactionnetwork.ca\/nous-contacter\/"},"modified":"2022-08-02T18:22:10","modified_gmt":"2022-08-02T18:22:10","slug":"nous-contacter","status":"publish","type":"page","link":"https:\/\/climateactionnetwork.ca\/fr\/nous-contacter\/","title":{"rendered":"Nous contacter"},"content":{"rendered":"<p><div class=\"fusion-fullwidth fullwidth-box fusion-builder-row-1 fusion-flex-container breadcrumb-wrapper nonhundred-percent-fullwidth non-hundred-percent-height-scrolling\" style=\"background-color: rgba(255,255,255,0);background-position: center center;background-repeat: no-repeat;border-width: 0px 0px 0px 0px;border-color:var(--awb-color3);border-style:solid;\" ><div class=\"fusion-builder-row fusion-row fusion-flex-align-items-flex-start\" style=\"max-width:1352px;margin-left: calc(-4% \/ 2 );margin-right: calc(-4% \/ 2 );\"><div class=\"fusion-layout-column fusion_builder_column fusion-builder-column-0 fusion_builder_column_1_1 1_1 fusion-flex-column\"><div class=\"fusion-column-wrapper fusion-flex-justify-content-flex-start fusion-content-layout-column\" style=\"background-position:left top;background-repeat:no-repeat;-webkit-background-size:cover;-moz-background-size:cover;-o-background-size:cover;background-size:cover;padding: 2rem 0px 0px 0px;\"><style type=\"text\/css\">.fusion-breadcrumbs.fusion-breadcrumbs-1{font-size:14px;}.fusion-breadcrumbs.fusion-breadcrumbs-1 span a:hover{color:var(--awb-color4) !important;}.fusion-breadcrumbs.fusion-breadcrumbs-1{color:var(--awb-color6);}.fusion-breadcrumbs.fusion-breadcrumbs-1 a{color:var(--awb-color6);}<\/style><div class=\"fusion-breadcrumbs fusion-breadcrumbs-1\"><span><span><a href=\"https:\/\/climateactionnetwork.ca\/fr\/\">Home<\/a><\/span><\/span><\/div><div class=\"fusion-separator fusion-full-width-sep\" style=\"align-self: center;margin-left: auto;margin-right: auto;width:100%;\"><div class=\"fusion-separator-border sep-single\" style=\"border-color:var(--awb-color2);border-top-width:1px;\"><\/div><\/div><\/div><style type=\"text\/css\">.fusion-body .fusion-builder-column-0{width:100% !important;margin-top : 0px;margin-bottom : 0px;}.fusion-builder-column-0 > .fusion-column-wrapper {padding-top : 2rem !important;padding-right : 0px !important;margin-right : 1.92%;padding-bottom : 0 !important;padding-left : 0px !important;margin-left : 1.92%;}@media only screen and (max-width:1024px) {.fusion-body .fusion-builder-column-0{width:100% !important;order : 0;}.fusion-builder-column-0 > .fusion-column-wrapper {margin-right : 1.92%;margin-left : 1.92%;}}@media only screen and (max-width:800px) {.fusion-body .fusion-builder-column-0{width:100% !important;order : 0;}.fusion-builder-column-0 > .fusion-column-wrapper {margin-right : 1.92%;margin-left : 1.92%;}}<\/style><\/div><\/div><style type=\"text\/css\">.fusion-body .fusion-flex-container.fusion-builder-row-1{ padding-top : 0px;margin-top : 0;padding-right : 0px;padding-bottom : 0px;margin-bottom : 0px;padding-left : 0px;}<\/style><\/div>\n<div class=\"fusion-fullwidth fullwidth-box fusion-builder-row-2 fusion-flex-container has-pattern-background has-mask-background fusion-parallax-none nonhundred-percent-fullwidth non-hundred-percent-height-scrolling\" style=\"background-color: rgba(245,245,250,0);background-image: url(&quot;https:\/\/climateactionnetwork.ca\/wp-content\/uploads\/swoosh_16.png&quot;);background-position: center center;background-repeat: no-repeat;border-width: 0px 0px 0px 0px;border-color:var(--awb-color3);border-style:solid;-webkit-background-size:cover;-moz-background-size:cover;-o-background-size:cover;background-size:cover;\" ><div class=\"fusion-builder-row fusion-row fusion-flex-align-items-flex-start\" style=\"max-width:1352px;margin-left: calc(-4% \/ 2 );margin-right: calc(-4% \/ 2 );\"><div class=\"fusion-layout-column fusion_builder_column fusion-builder-column-1 fusion_builder_column_1_1 1_1 fusion-flex-column\"><div class=\"fusion-column-wrapper fusion-flex-justify-content-flex-start fusion-content-layout-column\" style=\"background-position:left top;background-repeat:no-repeat;-webkit-background-size:cover;-moz-background-size:cover;-o-background-size:cover;background-size:cover;padding: 0px 0px 0px 0px;\"><style type=\"text\/css\">@media only screen and (max-width:1024px) {.fusion-title.fusion-title-1{margin-top:10px!important; margin-right:0px!important;margin-bottom:15px!important;margin-left:0px!important;}}@media only screen and (max-width:800px) {.fusion-title.fusion-title-1{margin-top:10px!important; margin-right:0px!important;margin-bottom:10px!important; margin-left:0px!important;}}<\/style><div class=\"fusion-title title fusion-title-1 fusion-sep-none fusion-title-text fusion-title-size-two\" style=\"margin-top:10px;margin-right:0px;margin-bottom:15px;margin-left:0px;\"><h2 class=\"title-heading-left\" style=\"margin:0;color:#252525;\">CONTACTEZ-NOUS<\/h2><\/div><\/div><style type=\"text\/css\">.fusion-body .fusion-builder-column-1{width:100% !important;margin-top : 0px;margin-bottom : 0px;}.fusion-builder-column-1 > .fusion-column-wrapper {padding-top : 0px !important;padding-right : 0px !important;margin-right : 1.92%;padding-bottom : 0 !important;padding-left : 0px !important;margin-left : 1.92%;}@media only screen and (max-width:1024px) {.fusion-body .fusion-builder-column-1{width:100% !important;order : 0;}.fusion-builder-column-1 > .fusion-column-wrapper {margin-right : 1.92%;margin-left : 1.92%;}}@media only screen and (max-width:800px) {.fusion-body .fusion-builder-column-1{width:100% !important;order : 0;}.fusion-builder-column-1 > .fusion-column-wrapper {margin-right : 1.92%;margin-left : 1.92%;}}<\/style><\/div><\/div><style type=\"text\/css\">.fusion-body .fusion-flex-container.fusion-builder-row-2{ padding-top : 0px;margin-top : 0px;padding-right : 0px;padding-bottom : 0px;margin-bottom : 0;padding-left : 0px;}<\/style><\/div><div class=\"fusion-fullwidth fullwidth-box fusion-builder-row-3 fusion-flex-container nonhundred-percent-fullwidth non-hundred-percent-height-scrolling\" style=\"background-color: rgba(255,255,255,0);background-position: center center;background-repeat: no-repeat;border-width: 0px 0px 0px 0px;border-color:var(--awb-color3);border-style:solid;\" ><div class=\"fusion-builder-row fusion-row fusion-flex-align-items-flex-start\" style=\"max-width:1352px;margin-left: calc(-4% \/ 2 );margin-right: calc(-4% \/ 2 );\"><div class=\"fusion-layout-column fusion_builder_column fusion-builder-column-2 fusion_builder_column_1_2 1_2 fusion-flex-column\"><div class=\"fusion-column-wrapper fusion-flex-justify-content-flex-start fusion-content-layout-column\" style=\"background-position:left top;background-repeat:no-repeat;-webkit-background-size:cover;-moz-background-size:cover;-o-background-size:cover;background-size:cover;padding: 0px 0px 0px 0px;\"><style type=\"text\/css\">@media only screen and (max-width:1024px) {.fusion-title.fusion-title-2{margin-top:10px!important; margin-right:0px!important;margin-bottom:15px!important;margin-left:0px!important;}}@media only screen and (max-width:800px) {.fusion-title.fusion-title-2{margin-top:10px!important; margin-right:0px!important;margin-bottom:10px!important; margin-left:0px!important;}}<\/style><div class=\"fusion-title title fusion-title-2 fusion-sep-none fusion-title-text fusion-title-size-two\" style=\"font-size:32px;margin-top:10px;margin-right:0px;margin-bottom:15px;margin-left:0px;\"><h2 class=\"title-heading-left\" style=\"margin:0;font-size:1em;color:#252525;\">Informations g\u00e9n\u00e9rales<\/h2><\/div><div class=\"fusion-text fusion-text-1\" style=\"text-transform:none;\"><p>Si vous avez des questions sur notre travail ou souhaitez savoir comment vous impliquer, <a class=\"text-underline\" href=\"https:\/\/us1.list-manage.com\/contact-form?u=4cf9c25137b6bcab2fc27328c&amp;form_id=ab2b0f026e3d77a4cdbc2e19075d8d6e\" target=\"_blank\" rel=\"noopener\">n\u2019h\u00e9sitez pas \u00e0 nous contacter<\/a>.<\/p>\n<\/div><\/div><style type=\"text\/css\">.fusion-body .fusion-builder-column-2{width:50% !important;margin-top : 0px;margin-bottom : 20px;}.fusion-builder-column-2 > .fusion-column-wrapper {padding-top : 0px !important;padding-right : 0px !important;margin-right : 3.84%;padding-bottom : 0px !important;padding-left : 0px !important;margin-left : 3.84%;}@media only screen and (max-width:1024px) {.fusion-body .fusion-builder-column-2{width:50% !important;order : 0;}.fusion-builder-column-2 > .fusion-column-wrapper {margin-right : 3.84%;margin-left : 3.84%;}}@media only screen and (max-width:800px) {.fusion-body .fusion-builder-column-2{width:100% !important;order : 0;}.fusion-builder-column-2 > .fusion-column-wrapper {margin-right : 1.92%;margin-left : 1.92%;}}<\/style><\/div><div class=\"fusion-layout-column fusion_builder_column fusion-builder-column-3 fusion_builder_column_1_2 1_2 fusion-flex-column\"><div class=\"fusion-column-wrapper fusion-flex-justify-content-flex-start fusion-content-layout-column\" style=\"background-position:left top;background-repeat:no-repeat;-webkit-background-size:cover;-moz-background-size:cover;-o-background-size:cover;background-size:cover;padding: 0px 0px 0px 0px;\"><style type=\"text\/css\">@media only screen and (max-width:1024px) {.fusion-title.fusion-title-3{margin-top:10px!important; margin-right:0px!important;margin-bottom:15px!important;margin-left:0px!important;}}@media only screen and (max-width:800px) {.fusion-title.fusion-title-3{margin-top:10px!important; margin-right:0px!important;margin-bottom:10px!important; margin-left:0px!important;}}<\/style><div class=\"fusion-title title fusion-title-3 fusion-sep-none fusion-title-text fusion-title-size-two\" style=\"font-size:32px;margin-top:10px;margin-right:0px;margin-bottom:15px;margin-left:0px;\"><h2 class=\"title-heading-left\" style=\"margin:0;font-size:1em;color:#252525;\">Informations pour les m\u00e9dias<\/h2><\/div><div class=\"fusion-text fusion-text-2\" style=\"text-transform:none;\"><p>Les m\u00e9dias peuvent nous \u00e9crire \u00e0 <a class=\"text-underline\" href=\"mailto:comms@climateactionnetwork.ca\">comms@climateactionnetwork.ca<\/a>.<\/p>\n<\/div><\/div><style type=\"text\/css\">.fusion-body .fusion-builder-column-3{width:50% !important;margin-top : 0px;margin-bottom : 20px;}.fusion-builder-column-3 > .fusion-column-wrapper {padding-top : 0px !important;padding-right : 0px !important;margin-right : 3.84%;padding-bottom : 0px !important;padding-left : 0px !important;margin-left : 3.84%;}@media only screen and (max-width:1024px) {.fusion-body .fusion-builder-column-3{width:50% !important;order : 0;}.fusion-builder-column-3 > .fusion-column-wrapper {margin-right : 3.84%;margin-left : 3.84%;}}@media only screen and (max-width:800px) {.fusion-body .fusion-builder-column-3{width:100% !important;order : 0;}.fusion-builder-column-3 > .fusion-column-wrapper {margin-right : 1.92%;margin-left : 1.92%;}}<\/style><\/div><\/div><style type=\"text\/css\">.fusion-body .fusion-flex-container.fusion-builder-row-3{ padding-top : 0px;margin-top : 0px;padding-right : 0px;padding-bottom : 0px;margin-bottom : 0px;padding-left : 0px;}<\/style><\/div><\/p>\n","protected":false},"excerpt":{"rendered":"","protected":false},"author":18,"featured_media":971,"parent":0,"menu_order":0,"comment_status":"closed","ping_status":"closed","template":"100-width.php","meta":{"inline_featured_image":false,"footnotes":"","_wp_rev_ctl_limit":""},"class_list":["post-46324","page","type-page","status-publish","has-post-thumbnail","hentry"],"acf":[],"yoast_head":"<!-- This site is optimized with the Yoast SEO plugin v27.3 - https:\/\/yoast.com\/product\/yoast-seo-wordpress\/ -->\n<title>Nous contacter - Climate Action Network Canada (CAN-Rac)<\/title>\n<meta name=\"robots\" content=\"index, follow, max-snippet:-1, max-image-preview:large, max-video-preview:-1\" \/>\n<link rel=\"canonical\" href=\"https:\/\/climateactionnetwork.ca\/contact-us\/\" \/>\n<meta property=\"og:locale\" content=\"fr_FR\" \/>\n<meta property=\"og:type\" content=\"article\" \/>\n<meta property=\"og:title\" content=\"Nous contacter - Climate Action Network Canada (CAN-Rac)\" \/>\n<meta property=\"og:url\" content=\"https:\/\/climateactionnetwork.ca\/contact-us\/\" \/>\n<meta property=\"og:site_name\" content=\"Climate Action Network Canada (CAN-Rac)\" \/>\n<meta property=\"article:publisher\" content=\"https:\/\/www.facebook.com\/climate.action.network.canada\" \/>\n<meta property=\"article:modified_time\" content=\"2022-08-02T18:22:10+00:00\" \/>\n<meta property=\"og:image\" content=\"https:\/\/climateactionnetwork.ca\/wp-content\/uploads\/Contact-us-Stock-photo-1.jpg\" \/>\n\t<meta property=\"og:image:width\" content=\"1600\" \/>\n\t<meta property=\"og:image:height\" content=\"1067\" \/>\n\t<meta property=\"og:image:type\" content=\"image\/jpeg\" \/>\n<meta name=\"twitter:card\" content=\"summary_large_image\" \/>\n<meta name=\"twitter:site\" content=\"@CANRacCanada\" \/>\n<meta name=\"twitter:label1\" content=\"Dur\u00e9e de lecture estim\u00e9e\" \/>\n\t<meta name=\"twitter:data1\" content=\"11 minutes\" \/>\n<script type=\"application\/ld+json\" class=\"yoast-schema-graph\">{\"@context\":\"https:\\\/\\\/schema.org\",\"@graph\":[{\"@type\":\"WebPage\",\"@id\":\"https:\\\/\\\/climateactionnetwork.ca\\\/contact-us\\\/\",\"url\":\"https:\\\/\\\/climateactionnetwork.ca\\\/contact-us\\\/\",\"name\":\"Nous contacter - Climate Action Network Canada (CAN-Rac)\",\"isPartOf\":{\"@id\":\"https:\\\/\\\/climateactionnetwork.ca\\\/#website\"},\"primaryImageOfPage\":{\"@id\":\"https:\\\/\\\/climateactionnetwork.ca\\\/contact-us\\\/#primaryimage\"},\"image\":{\"@id\":\"https:\\\/\\\/climateactionnetwork.ca\\\/contact-us\\\/#primaryimage\"},\"thumbnailUrl\":\"https:\\\/\\\/climateactionnetwork.ca\\\/wp-content\\\/uploads\\\/Contact-us-Stock-photo-1.jpg\",\"datePublished\":\"2022-03-07T16:04:20+00:00\",\"dateModified\":\"2022-08-02T18:22:10+00:00\",\"breadcrumb\":{\"@id\":\"https:\\\/\\\/climateactionnetwork.ca\\\/contact-us\\\/#breadcrumb\"},\"inLanguage\":\"fr-FR\",\"potentialAction\":[{\"@type\":\"ReadAction\",\"target\":[\"https:\\\/\\\/climateactionnetwork.ca\\\/contact-us\\\/\"]}]},{\"@type\":\"ImageObject\",\"inLanguage\":\"fr-FR\",\"@id\":\"https:\\\/\\\/climateactionnetwork.ca\\\/contact-us\\\/#primaryimage\",\"url\":\"https:\\\/\\\/climateactionnetwork.ca\\\/wp-content\\\/uploads\\\/Contact-us-Stock-photo-1.jpg\",\"contentUrl\":\"https:\\\/\\\/climateactionnetwork.ca\\\/wp-content\\\/uploads\\\/Contact-us-Stock-photo-1.jpg\",\"width\":1600,\"height\":1067},{\"@type\":\"BreadcrumbList\",\"@id\":\"https:\\\/\\\/climateactionnetwork.ca\\\/contact-us\\\/#breadcrumb\",\"itemListElement\":[{\"@type\":\"ListItem\",\"position\":1,\"name\":\"Home\",\"item\":\"https:\\\/\\\/climateactionnetwork.ca\\\/fr\\\/\"},{\"@type\":\"ListItem\",\"position\":2,\"name\":\"Nous contacter\"}]},{\"@type\":\"WebSite\",\"@id\":\"https:\\\/\\\/climateactionnetwork.ca\\\/#website\",\"url\":\"https:\\\/\\\/climateactionnetwork.ca\\\/\",\"name\":\"Climate Action Network Canada (CAN-Rac)\",\"description\":\"Climate Action Network Canada (CAN-Rac)\",\"publisher\":{\"@id\":\"https:\\\/\\\/climateactionnetwork.ca\\\/#organization\"},\"potentialAction\":[{\"@type\":\"SearchAction\",\"target\":{\"@type\":\"EntryPoint\",\"urlTemplate\":\"https:\\\/\\\/climateactionnetwork.ca\\\/?s={search_term_string}\"},\"query-input\":{\"@type\":\"PropertyValueSpecification\",\"valueRequired\":true,\"valueName\":\"search_term_string\"}}],\"inLanguage\":\"fr-FR\"},{\"@type\":\"Organization\",\"@id\":\"https:\\\/\\\/climateactionnetwork.ca\\\/#organization\",\"name\":\"Climate Action Network - R\u00e9seau action climat Canada\",\"alternateName\":\"CAN-Rac\",\"url\":\"https:\\\/\\\/climateactionnetwork.ca\\\/\",\"logo\":{\"@type\":\"ImageObject\",\"inLanguage\":\"fr-FR\",\"@id\":\"https:\\\/\\\/climateactionnetwork.ca\\\/#\\\/schema\\\/logo\\\/image\\\/\",\"url\":\"https:\\\/\\\/climateactionnetwork.ca\\\/wp-content\\\/uploads\\\/CAN-Rac-Canada-logo-cmyk-png-transparent.png\",\"contentUrl\":\"https:\\\/\\\/climateactionnetwork.ca\\\/wp-content\\\/uploads\\\/CAN-Rac-Canada-logo-cmyk-png-transparent.png\",\"width\":1181,\"height\":1181,\"caption\":\"Climate Action Network - R\u00e9seau action climat Canada\"},\"image\":{\"@id\":\"https:\\\/\\\/climateactionnetwork.ca\\\/#\\\/schema\\\/logo\\\/image\\\/\"},\"sameAs\":[\"https:\\\/\\\/www.facebook.com\\\/climate.action.network.canada\",\"https:\\\/\\\/x.com\\\/CANRacCanada\"]}]}<\/script>\n<!-- \/ Yoast SEO plugin. -->","yoast_head_json":{"title":"Nous contacter - Climate Action Network Canada (CAN-Rac)","robots":{"index":"index","follow":"follow","max-snippet":"max-snippet:-1","max-image-preview":"max-image-preview:large","max-video-preview":"max-video-preview:-1"},"canonical":"https:\/\/climateactionnetwork.ca\/contact-us\/","og_locale":"fr_FR","og_type":"article","og_title":"Nous contacter - Climate Action Network Canada (CAN-Rac)","og_url":"https:\/\/climateactionnetwork.ca\/contact-us\/","og_site_name":"Climate Action Network Canada (CAN-Rac)","article_publisher":"https:\/\/www.facebook.com\/climate.action.network.canada","article_modified_time":"2022-08-02T18:22:10+00:00","og_image":[{"width":1600,"height":1067,"url":"https:\/\/climateactionnetwork.ca\/wp-content\/uploads\/Contact-us-Stock-photo-1.jpg","type":"image\/jpeg"}],"twitter_card":"summary_large_image","twitter_site":"@CANRacCanada","twitter_misc":{"Dur\u00e9e de lecture estim\u00e9e":"11 minutes"},"schema":{"@context":"https:\/\/schema.org","@graph":[{"@type":"WebPage","@id":"https:\/\/climateactionnetwork.ca\/contact-us\/","url":"https:\/\/climateactionnetwork.ca\/contact-us\/","name":"Nous contacter - Climate Action Network Canada (CAN-Rac)","isPartOf":{"@id":"https:\/\/climateactionnetwork.ca\/#website"},"primaryImageOfPage":{"@id":"https:\/\/climateactionnetwork.ca\/contact-us\/#primaryimage"},"image":{"@id":"https:\/\/climateactionnetwork.ca\/contact-us\/#primaryimage"},"thumbnailUrl":"https:\/\/climateactionnetwork.ca\/wp-content\/uploads\/Contact-us-Stock-photo-1.jpg","datePublished":"2022-03-07T16:04:20+00:00","dateModified":"2022-08-02T18:22:10+00:00","breadcrumb":{"@id":"https:\/\/climateactionnetwork.ca\/contact-us\/#breadcrumb"},"inLanguage":"fr-FR","potentialAction":[{"@type":"ReadAction","target":["https:\/\/climateactionnetwork.ca\/contact-us\/"]}]},{"@type":"ImageObject","inLanguage":"fr-FR","@id":"https:\/\/climateactionnetwork.ca\/contact-us\/#primaryimage","url":"https:\/\/climateactionnetwork.ca\/wp-content\/uploads\/Contact-us-Stock-photo-1.jpg","contentUrl":"https:\/\/climateactionnetwork.ca\/wp-content\/uploads\/Contact-us-Stock-photo-1.jpg","width":1600,"height":1067},{"@type":"BreadcrumbList","@id":"https:\/\/climateactionnetwork.ca\/contact-us\/#breadcrumb","itemListElement":[{"@type":"ListItem","position":1,"name":"Home","item":"https:\/\/climateactionnetwork.ca\/fr\/"},{"@type":"ListItem","position":2,"name":"Nous contacter"}]},{"@type":"WebSite","@id":"https:\/\/climateactionnetwork.ca\/#website","url":"https:\/\/climateactionnetwork.ca\/","name":"Climate Action Network Canada (CAN-Rac)","description":"Climate Action Network Canada (CAN-Rac)","publisher":{"@id":"https:\/\/climateactionnetwork.ca\/#organization"},"potentialAction":[{"@type":"SearchAction","target":{"@type":"EntryPoint","urlTemplate":"https:\/\/climateactionnetwork.ca\/?s={search_term_string}"},"query-input":{"@type":"PropertyValueSpecification","valueRequired":true,"valueName":"search_term_string"}}],"inLanguage":"fr-FR"},{"@type":"Organization","@id":"https:\/\/climateactionnetwork.ca\/#organization","name":"Climate Action Network - R\u00e9seau action climat Canada","alternateName":"CAN-Rac","url":"https:\/\/climateactionnetwork.ca\/","logo":{"@type":"ImageObject","inLanguage":"fr-FR","@id":"https:\/\/climateactionnetwork.ca\/#\/schema\/logo\/image\/","url":"https:\/\/climateactionnetwork.ca\/wp-content\/uploads\/CAN-Rac-Canada-logo-cmyk-png-transparent.png","contentUrl":"https:\/\/climateactionnetwork.ca\/wp-content\/uploads\/CAN-Rac-Canada-logo-cmyk-png-transparent.png","width":1181,"height":1181,"caption":"Climate Action Network - R\u00e9seau action climat Canada"},"image":{"@id":"https:\/\/climateactionnetwork.ca\/#\/schema\/logo\/image\/"},"sameAs":["https:\/\/www.facebook.com\/climate.action.network.canada","https:\/\/x.com\/CANRacCanada"]}]}},"_links":{"self":[{"href":"https:\/\/climateactionnetwork.ca\/fr\/wp-json\/wp\/v2\/pages\/46324","targetHints":{"allow":["GET"]}}],"collection":[{"href":"https:\/\/climateactionnetwork.ca\/fr\/wp-json\/wp\/v2\/pages"}],"about":[{"href":"https:\/\/climateactionnetwork.ca\/fr\/wp-json\/wp\/v2\/types\/page"}],"author":[{"embeddable":true,"href":"https:\/\/climateactionnetwork.ca\/fr\/wp-json\/wp\/v2\/users\/18"}],"replies":[{"embeddable":true,"href":"https:\/\/climateactionnetwork.ca\/fr\/wp-json\/wp\/v2\/comments?post=46324"}],"version-history":[{"count":5,"href":"https:\/\/climateactionnetwork.ca\/fr\/wp-json\/wp\/v2\/pages\/46324\/revisions"}],"predecessor-version":[{"id":46518,"href":"https:\/\/climateactionnetwork.ca\/fr\/wp-json\/wp\/v2\/pages\/46324\/revisions\/46518"}],"wp:featuredmedia":[{"embeddable":true,"href":"https:\/\/climateactionnetwork.ca\/fr\/wp-json\/wp\/v2\/media\/971"}],"wp:attachment":[{"href":"https:\/\/climateactionnetwork.ca\/fr\/wp-json\/wp\/v2\/media?parent=46324"}],"curies":[{"name":"wp","href":"https:\/\/api.w.org\/{rel}","templated":true}]}}