{"id":46274,"date":"2022-03-07T16:15:50","date_gmt":"2022-03-07T21:15:50","guid":{"rendered":"https:\/\/climateactionnetwork.ca\/impliquez-vous\/soutenez-nous\/"},"modified":"2022-08-29T20:17:24","modified_gmt":"2022-08-29T20:17:24","slug":"soutenez-nous","status":"publish","type":"page","link":"https:\/\/climateactionnetwork.ca\/fr\/impliquez-vous\/soutenez-nous\/","title":{"rendered":"Soutenez-nous"},"content":{"rendered":"<p><div class=\"fusion-fullwidth fullwidth-box fusion-builder-row-1 fusion-flex-container breadcrumb-wrapper nonhundred-percent-fullwidth non-hundred-percent-height-scrolling\" style=\"background-color: rgba(255,255,255,0);background-position: center center;background-repeat: no-repeat;border-width: 0px 0px 0px 0px;border-color:var(--awb-color3);border-style:solid;\" ><div class=\"fusion-builder-row fusion-row fusion-flex-align-items-flex-start\" style=\"max-width:1352px;margin-left: calc(-4% \/ 2 );margin-right: calc(-4% \/ 2 );\"><div class=\"fusion-layout-column fusion_builder_column fusion-builder-column-0 fusion_builder_column_1_1 1_1 fusion-flex-column\"><div class=\"fusion-column-wrapper fusion-flex-justify-content-flex-start fusion-content-layout-column\" style=\"background-position:left top;background-repeat:no-repeat;-webkit-background-size:cover;-moz-background-size:cover;-o-background-size:cover;background-size:cover;padding: 2rem 0px 0px 0px;\"><style type=\"text\/css\">.fusion-breadcrumbs.fusion-breadcrumbs-1{font-size:14px;}.fusion-breadcrumbs.fusion-breadcrumbs-1 span a:hover{color:var(--awb-color4) !important;}.fusion-breadcrumbs.fusion-breadcrumbs-1{color:var(--awb-color6);}.fusion-breadcrumbs.fusion-breadcrumbs-1 a{color:var(--awb-color6);}<\/style><div class=\"fusion-breadcrumbs fusion-breadcrumbs-1\"><span><span><a href=\"https:\/\/climateactionnetwork.ca\/fr\/\">Home<\/a><\/span><\/span><\/div><div class=\"fusion-separator fusion-full-width-sep\" style=\"align-self: center;margin-left: auto;margin-right: auto;width:100%;\"><div class=\"fusion-separator-border sep-single\" style=\"border-color:var(--awb-color2);border-top-width:1px;\"><\/div><\/div><\/div><style type=\"text\/css\">.fusion-body .fusion-builder-column-0{width:100% !important;margin-top : 0px;margin-bottom : 0px;}.fusion-builder-column-0 > .fusion-column-wrapper {padding-top : 2rem !important;padding-right : 0px !important;margin-right : 1.92%;padding-bottom : 0 !important;padding-left : 0px !important;margin-left : 1.92%;}@media only screen and (max-width:1024px) {.fusion-body .fusion-builder-column-0{width:100% !important;order : 0;}.fusion-builder-column-0 > .fusion-column-wrapper {margin-right : 1.92%;margin-left : 1.92%;}}@media only screen and (max-width:800px) {.fusion-body .fusion-builder-column-0{width:100% !important;order : 0;}.fusion-builder-column-0 > .fusion-column-wrapper {margin-right : 1.92%;margin-left : 1.92%;}}<\/style><\/div><\/div><style type=\"text\/css\">.fusion-body .fusion-flex-container.fusion-builder-row-1{ padding-top : 0px;margin-top : 0;padding-right : 0px;padding-bottom : 0px;margin-bottom : 0px;padding-left : 0px;}<\/style><\/div>\n<div class=\"fusion-fullwidth fullwidth-box fusion-builder-row-2 fusion-flex-container fusion-parallax-none nonhundred-percent-fullwidth non-hundred-percent-height-scrolling\" style=\"background-color: rgba(255,255,255,0);background-image: url(&quot;https:\/\/climateactionnetwork.ca\/wp-content\/uploads\/swoosh_16.png&quot;);background-position: center center;background-repeat: no-repeat;border-width: 0px 0px 0px 0px;border-color:var(--awb-color3);border-style:solid;-webkit-background-size:cover;-moz-background-size:cover;-o-background-size:cover;background-size:cover;\" ><div class=\"fusion-builder-row fusion-row fusion-flex-align-items-flex-start\" style=\"max-width:1352px;margin-left: calc(-4% \/ 2 );margin-right: calc(-4% \/ 2 );\"><div class=\"fusion-layout-column fusion_builder_column fusion-builder-column-1 fusion_builder_column_1_1 1_1 fusion-flex-column\"><div class=\"fusion-column-wrapper fusion-flex-justify-content-flex-start fusion-content-layout-column\" style=\"background-position:left top;background-repeat:no-repeat;-webkit-background-size:cover;-moz-background-size:cover;-o-background-size:cover;background-size:cover;padding: 0px 0px 0px 0px;\"><style type=\"text\/css\">@media only screen and (max-width:1024px) {.fusion-title.fusion-title-1{margin-top:10px!important; margin-right:0px!important;margin-bottom:15px!important;margin-left:0px!important;}}@media only screen and (max-width:800px) {.fusion-title.fusion-title-1{margin-top:10px!important; margin-right:0px!important;margin-bottom:10px!important; margin-left:0px!important;}}<\/style><div class=\"fusion-title title fusion-title-1 fusion-sep-none fusion-title-text fusion-title-size-one\" style=\"margin-top:10px;margin-right:0px;margin-bottom:15px;margin-left:0px;\"><h1 class=\"title-heading-left\" style=\"margin:0;color:#252525;\"><span style=\"font-size: 65px;\" data-fusion-font=\"true\">Aidez-nous \u00e0 d\u00e9velopper<\/span><\/p>\n<p>notre mouvement<\/p><\/h1><\/div><div class=\"fusion-text fusion-text-1\"><p>Votre don nous aidera \u00e0 d\u00e9fendre et \u00e0 structurer l\u2019action climatique au niveau national et international. Avec votre aide, nous pouvons continuer \u00e0 construire un mouvement fort et dynamique pour la justice climatique et un avenir sain qui ne laisse personne de c\u00f4t\u00e9.<\/p>\n<p>En tant qu\u2019organisation sans but lucratif mais sans statut d\u2019organisme de bienfaisance, CAN-Rac ne peut pas d\u00e9livrer de re\u00e7us fiscaux pour les dons.<\/p>\n<p>Vous avez des questions sur les dons? N\u2019h\u00e9sitez pas \u00e0 nous contacter \u00e0 <a href=\"mailto:admin@climateactionnetwork.ca\" rel=\"noopener\" target=\"_blank\" style=\"font-size: 18px;\">admin@climateactionnetwork.ca<\/a>.<\/p>\n<\/div><style type=\"text\/css\">@media only screen and (max-width:1024px) {.fusion-title.fusion-title-2{margin-top:10px!important; margin-right:0px!important;margin-bottom:15px!important;margin-left:0px!important;}}@media only screen and (max-width:800px) {.fusion-title.fusion-title-2{margin-top:10px!important; margin-right:0px!important;margin-bottom:10px!important; margin-left:0px!important;}}<\/style><div class=\"fusion-title title fusion-title-2 fusion-sep-none fusion-title-text fusion-title-size-two\" style=\"font-size:36px;margin-top:10px;margin-right:0px;margin-bottom:15px;margin-left:0px;\"><h2 class=\"title-heading-left\" style=\"margin:0;font-size:1em;text-transform:uppercase;color:#252525;\"><span style=\"color: var(--awb-custom_color_2);\">|<\/span> DES QUESTIONS SUR LES DONS ?<\/h2><\/div><div style=\"text-align:left;\"><style>.fusion-body .fusion-button.button-1 .fusion-button-text,.fusion-body .fusion-button.button-1 i{color:var(--awb-custom_color_1);}.fusion-body .fusion-button.button-1{border-color:var(--awb-color5);border-width:2px 2px 2px 2px;border-radius:0 0 0 0;background:var(--awb-color5);}.fusion-body .fusion-button.button-1:hover .fusion-button-text,.fusion-body .fusion-button.button-1:hover i,.fusion-body .fusion-button.button-1:focus .fusion-button-text,.fusion-body .fusion-button.button-1:focus i,.fusion-body .fusion-button.button-1:active .fusion-button-text,.fusion-body .fusion-button.button-1:active i{color:#4b4747;}.fusion-body .fusion-button.button-1:hover,.fusion-body .fusion-button.button-1:active,.fusion-body .fusion-button.button-1:focus{border-color:var(--awb-color1);border-width:2px 2px 2px 2px;background:var(--awb-color1);}<\/style><a class=\"fusion-button button-flat fusion-button-default-size button-custom button-1 fusion-button-span-no fusion-button-default-type btn-slider\" target=\"_self\" href=\"https:\/\/climateactionnetwork.ca\/fr\/nous-contacter\/\"><span class=\"fusion-button-text\">\u279c Contactez-nous<\/span><\/a><\/div><\/div><style type=\"text\/css\">.fusion-body .fusion-builder-column-1{width:100% !important;margin-top : 0px;margin-bottom : 20px;}.fusion-builder-column-1 > .fusion-column-wrapper {padding-top : 0px !important;padding-right : 0px !important;margin-right : 1.92%;padding-bottom : 0px !important;padding-left : 0px !important;margin-left : 1.92%;}@media only screen and (max-width:1024px) {.fusion-body .fusion-builder-column-1{width:100% !important;order : 0;}.fusion-builder-column-1 > .fusion-column-wrapper {margin-right : 1.92%;margin-left : 1.92%;}}@media only screen and (max-width:800px) {.fusion-body .fusion-builder-column-1{width:100% !important;order : 0;}.fusion-builder-column-1 > .fusion-column-wrapper {margin-right : 1.92%;margin-left : 1.92%;}}<\/style><\/div><\/div><style type=\"text\/css\">.fusion-fullwidth.fusion-builder-row-2 a:not(.awb-custom-text-color):not(.fusion-button):not(.fusion-builder-module-control):not(.fusion-social-network-icon):not(.fb-icon-element):not(.fusion-countdown-link):not(.fusion-rollover-link):not(.fusion-rollover-gallery):not(.fusion-button-bar):not(.add_to_cart_button):not(.show_details_button):not(.product_type_external):not(.fusion-view-cart):not(.fusion-quick-view):not(.fusion-rollover-title-link):not(.fusion-breadcrumb-link) , .fusion-fullwidth.fusion-builder-row-2 a:not(.awb-custom-text-color):not(.fusion-button):not(.fusion-builder-module-control):not(.fusion-social-network-icon):not(.fb-icon-element):not(.fusion-countdown-link):not(.fusion-rollover-link):not(.fusion-rollover-gallery):not(.fusion-button-bar):not(.add_to_cart_button):not(.show_details_button):not(.product_type_external):not(.fusion-view-cart):not(.fusion-quick-view):not(.fusion-rollover-title-link):not(.fusion-breadcrumb-link):before, .fusion-fullwidth.fusion-builder-row-2 a:not(.awb-custom-text-color):not(.fusion-button):not(.fusion-builder-module-control):not(.fusion-social-network-icon):not(.fb-icon-element):not(.fusion-countdown-link):not(.fusion-rollover-link):not(.fusion-rollover-gallery):not(.fusion-button-bar):not(.add_to_cart_button):not(.show_details_button):not(.product_type_external):not(.fusion-view-cart):not(.fusion-quick-view):not(.fusion-rollover-title-link):not(.fusion-breadcrumb-link):after {color: var(--awb-color4);}.fusion-body .fusion-flex-container.fusion-builder-row-2{ padding-top : 0px;margin-top : 0px;padding-right : 0px;padding-bottom : 0px;margin-bottom : 0px;padding-left : 0px;}<\/style><\/div><div class=\"fusion-fullwidth fullwidth-box fusion-builder-row-3 fusion-flex-container nonhundred-percent-fullwidth non-hundred-percent-height-scrolling\" style=\"background-color: rgba(255,255,255,0);background-position: center center;background-repeat: no-repeat;border-width: 0px 0px 0px 0px;border-color:var(--awb-color3);border-style:solid;\" ><div class=\"fusion-builder-row fusion-row fusion-flex-align-items-flex-start\" style=\"max-width:1352px;margin-left: calc(-4% \/ 2 );margin-right: calc(-4% \/ 2 );\"><div class=\"fusion-layout-column fusion_builder_column fusion-builder-column-2 fusion_builder_column_1_1 1_1 fusion-flex-column\"><div class=\"fusion-column-wrapper fusion-flex-justify-content-flex-start fusion-content-layout-column\" style=\"background-position:left top;background-repeat:no-repeat;-webkit-background-size:cover;-moz-background-size:cover;-o-background-size:cover;background-size:cover;padding: 0px 0px 0px 0px;\"><style type=\"text\/css\">@media only screen and (max-width:1024px) {.fusion-title.fusion-title-3{margin-top:10px!important; margin-right:0px!important;margin-bottom:15px!important;margin-left:0px!important;}}@media only screen and (max-width:800px) {.fusion-title.fusion-title-3{margin-top:10px!important; margin-right:0px!important;margin-bottom:10px!important; margin-left:0px!important;}}<\/style><div class=\"fusion-title title fusion-title-3 fusion-sep-none fusion-title-text fusion-title-size-two\" style=\"font-size:36px;margin-top:10px;margin-right:0px;margin-bottom:15px;margin-left:0px;\"><h2 class=\"title-heading-left\" style=\"margin:0;font-size:1em;text-transform:uppercase;color:#252525;\"><span style=\"color: var(--awb-custom_color_2);\">|<\/span> FAIRE UN DON<\/h2><\/div><\/div><style type=\"text\/css\">.fusion-body .fusion-builder-column-2{width:100% !important;margin-top : 0px;margin-bottom : 20px;}.fusion-builder-column-2 > .fusion-column-wrapper {padding-top : 0px !important;padding-right : 0px !important;margin-right : 1.92%;padding-bottom : 0px !important;padding-left : 0px !important;margin-left : 1.92%;}@media only screen and (max-width:1024px) {.fusion-body .fusion-builder-column-2{width:100% !important;order : 0;}.fusion-builder-column-2 > .fusion-column-wrapper {margin-right : 1.92%;margin-left : 1.92%;}}@media only screen and (max-width:800px) {.fusion-body .fusion-builder-column-2{width:100% !important;order : 0;}.fusion-builder-column-2 > .fusion-column-wrapper {margin-right : 1.92%;margin-left : 1.92%;}}<\/style><\/div><\/div><style type=\"text\/css\">.fusion-body .fusion-flex-container.fusion-builder-row-3{ padding-top : 0px;margin-top : 0px;padding-right : 0px;padding-bottom : 0px;margin-bottom : 0px;padding-left : 0px;}<\/style><\/div><div class=\"fusion-fullwidth fullwidth-box fusion-builder-row-4 fusion-flex-container nonhundred-percent-fullwidth non-hundred-percent-height-scrolling\" style=\"background-color: rgba(255,255,255,0);background-position: right top;background-repeat: no-repeat;border-width: 0px 0px 0px 0px;border-color:var(--awb-color3);border-style:solid;\" ><div class=\"fusion-builder-row fusion-row fusion-flex-align-items-flex-start\" style=\"max-width:1352px;margin-left: calc(-4% \/ 2 );margin-right: calc(-4% \/ 2 );\"><div class=\"fusion-layout-column fusion_builder_column fusion-builder-column-3 fusion_builder_column_1_1 1_1 fusion-flex-column donate-form\"><div class=\"fusion-column-wrapper fusion-flex-justify-content-flex-start fusion-content-layout-column\" style=\"background-position:left top;background-repeat:no-repeat;-webkit-background-size:cover;-moz-background-size:cover;-o-background-size:cover;background-size:cover;background-color:#757575;padding: 80px 80px 80px 80px;\"><script type=\"text\/javascript\" src=\"https:\/\/www.iatspayments.com\/AURA\/AURA.aspx?PID=PAF5E8A2D49E6F92BB\"><\/script><\/div><style type=\"text\/css\">.fusion-body .fusion-builder-column-3{width:100% !important;margin-top : 0px;margin-bottom : 20px;}.fusion-builder-column-3 > .fusion-column-wrapper {padding-top : 80px !important;padding-right : 80px !important;margin-right : 1.92%;padding-bottom : 80px !important;padding-left : 80px !important;margin-left : 1.92%;}@media only screen and (max-width:1024px) {.fusion-body .fusion-builder-column-3{width:100% !important;order : 0;}.fusion-builder-column-3 > .fusion-column-wrapper {margin-right : 1.92%;margin-left : 1.92%;}}@media only screen and (max-width:800px) {.fusion-body .fusion-builder-column-3{width:100% !important;order : 0;}.fusion-builder-column-3 > .fusion-column-wrapper {padding-top : 20px !important;padding-right : 20px !important;margin-right : 1.92%;padding-bottom : 20px !important;padding-left : 20px !important;margin-left : 1.92%;}}<\/style><\/div><\/div><style type=\"text\/css\">.fusion-body .fusion-flex-container.fusion-builder-row-4{ padding-top : 0px;margin-top : 0px;padding-right : 80px;padding-bottom : 80px;margin-bottom : 0px;padding-left : 80px;}@media only screen and (max-width:1024px) {.fusion-body .fusion-flex-container.fusion-builder-row-4{ padding-top : 40px;padding-right : 40px;padding-bottom : 40px;padding-left : 40px;}}@media only screen and (max-width:800px) {.fusion-body .fusion-flex-container.fusion-builder-row-4{ padding-top : 20px;padding-right : 20px;padding-bottom : 20px;padding-left : 20px;}}<\/style><\/div><\/p>\n","protected":false},"excerpt":{"rendered":"","protected":false},"author":18,"featured_media":807,"parent":46270,"menu_order":0,"comment_status":"closed","ping_status":"closed","template":"100-width.php","meta":{"inline_featured_image":false,"footnotes":"","_wp_rev_ctl_limit":""},"class_list":["post-46274","page","type-page","status-publish","has-post-thumbnail","hentry"],"acf":[],"yoast_head":"<!-- This site is optimized with the Yoast SEO plugin v27.3 - https:\/\/yoast.com\/product\/yoast-seo-wordpress\/ -->\n<title>Soutenez-nous - Climate Action Network Canada (CAN-Rac)<\/title>\n<meta name=\"robots\" content=\"index, follow, max-snippet:-1, max-image-preview:large, max-video-preview:-1\" \/>\n<link rel=\"canonical\" href=\"https:\/\/climateactionnetwork.ca\/fr\/impliquez-vous\/soutenez-nous\/\" \/>\n<meta property=\"og:locale\" content=\"fr_FR\" \/>\n<meta property=\"og:type\" content=\"article\" \/>\n<meta property=\"og:title\" content=\"Soutenez-nous - Climate Action Network Canada (CAN-Rac)\" \/>\n<meta property=\"og:url\" content=\"https:\/\/climateactionnetwork.ca\/fr\/impliquez-vous\/soutenez-nous\/\" \/>\n<meta property=\"og:site_name\" content=\"Climate Action Network Canada (CAN-Rac)\" \/>\n<meta property=\"article:publisher\" content=\"https:\/\/www.facebook.com\/climate.action.network.canada\" \/>\n<meta property=\"article:modified_time\" content=\"2022-08-29T20:17:24+00:00\" \/>\n<meta property=\"og:image\" content=\"https:\/\/climateactionnetwork.ca\/wp-content\/uploads\/AdobeStock_255927791.jpeg\" \/>\n\t<meta property=\"og:image:width\" content=\"1267\" \/>\n\t<meta property=\"og:image:height\" content=\"845\" \/>\n\t<meta property=\"og:image:type\" content=\"image\/jpeg\" \/>\n<meta name=\"twitter:card\" content=\"summary_large_image\" \/>\n<meta name=\"twitter:site\" content=\"@CANRacCanada\" \/>\n<meta name=\"twitter:label1\" content=\"Dur\u00e9e de lecture estim\u00e9e\" \/>\n\t<meta name=\"twitter:data1\" content=\"4 minutes\" \/>\n<script type=\"application\/ld+json\" class=\"yoast-schema-graph\">{\"@context\":\"https:\\\/\\\/schema.org\",\"@graph\":[{\"@type\":\"WebPage\",\"@id\":\"https:\\\/\\\/climateactionnetwork.ca\\\/fr\\\/impliquez-vous\\\/soutenez-nous\\\/\",\"url\":\"https:\\\/\\\/climateactionnetwork.ca\\\/fr\\\/impliquez-vous\\\/soutenez-nous\\\/\",\"name\":\"Soutenez-nous - Climate Action Network Canada (CAN-Rac)\",\"isPartOf\":{\"@id\":\"https:\\\/\\\/climateactionnetwork.ca\\\/#website\"},\"primaryImageOfPage\":{\"@id\":\"https:\\\/\\\/climateactionnetwork.ca\\\/fr\\\/impliquez-vous\\\/soutenez-nous\\\/#primaryimage\"},\"image\":{\"@id\":\"https:\\\/\\\/climateactionnetwork.ca\\\/fr\\\/impliquez-vous\\\/soutenez-nous\\\/#primaryimage\"},\"thumbnailUrl\":\"https:\\\/\\\/climateactionnetwork.ca\\\/wp-content\\\/uploads\\\/AdobeStock_255927791.jpeg\",\"datePublished\":\"2022-03-07T21:15:50+00:00\",\"dateModified\":\"2022-08-29T20:17:24+00:00\",\"breadcrumb\":{\"@id\":\"https:\\\/\\\/climateactionnetwork.ca\\\/fr\\\/impliquez-vous\\\/soutenez-nous\\\/#breadcrumb\"},\"inLanguage\":\"fr-FR\",\"potentialAction\":[{\"@type\":\"ReadAction\",\"target\":[\"https:\\\/\\\/climateactionnetwork.ca\\\/fr\\\/impliquez-vous\\\/soutenez-nous\\\/\"]}]},{\"@type\":\"ImageObject\",\"inLanguage\":\"fr-FR\",\"@id\":\"https:\\\/\\\/climateactionnetwork.ca\\\/fr\\\/impliquez-vous\\\/soutenez-nous\\\/#primaryimage\",\"url\":\"https:\\\/\\\/climateactionnetwork.ca\\\/wp-content\\\/uploads\\\/AdobeStock_255927791.jpeg\",\"contentUrl\":\"https:\\\/\\\/climateactionnetwork.ca\\\/wp-content\\\/uploads\\\/AdobeStock_255927791.jpeg\",\"width\":1267,\"height\":845},{\"@type\":\"BreadcrumbList\",\"@id\":\"https:\\\/\\\/climateactionnetwork.ca\\\/fr\\\/impliquez-vous\\\/soutenez-nous\\\/#breadcrumb\",\"itemListElement\":[{\"@type\":\"ListItem\",\"position\":1,\"name\":\"Home\",\"item\":\"https:\\\/\\\/climateactionnetwork.ca\\\/fr\\\/\"},{\"@type\":\"ListItem\",\"position\":2,\"name\":\"Impliquez-vous\",\"item\":\"https:\\\/\\\/climateactionnetwork.ca\\\/fr\\\/impliquez-vous\\\/\"},{\"@type\":\"ListItem\",\"position\":3,\"name\":\"Soutenez-nous\"}]},{\"@type\":\"WebSite\",\"@id\":\"https:\\\/\\\/climateactionnetwork.ca\\\/#website\",\"url\":\"https:\\\/\\\/climateactionnetwork.ca\\\/\",\"name\":\"Climate Action Network Canada (CAN-Rac)\",\"description\":\"Climate Action Network Canada (CAN-Rac)\",\"publisher\":{\"@id\":\"https:\\\/\\\/climateactionnetwork.ca\\\/#organization\"},\"potentialAction\":[{\"@type\":\"SearchAction\",\"target\":{\"@type\":\"EntryPoint\",\"urlTemplate\":\"https:\\\/\\\/climateactionnetwork.ca\\\/?s={search_term_string}\"},\"query-input\":{\"@type\":\"PropertyValueSpecification\",\"valueRequired\":true,\"valueName\":\"search_term_string\"}}],\"inLanguage\":\"fr-FR\"},{\"@type\":\"Organization\",\"@id\":\"https:\\\/\\\/climateactionnetwork.ca\\\/#organization\",\"name\":\"Climate Action Network - R\u00e9seau action climat Canada\",\"alternateName\":\"CAN-Rac\",\"url\":\"https:\\\/\\\/climateactionnetwork.ca\\\/\",\"logo\":{\"@type\":\"ImageObject\",\"inLanguage\":\"fr-FR\",\"@id\":\"https:\\\/\\\/climateactionnetwork.ca\\\/#\\\/schema\\\/logo\\\/image\\\/\",\"url\":\"https:\\\/\\\/climateactionnetwork.ca\\\/wp-content\\\/uploads\\\/CAN-Rac-Canada-logo-cmyk-png-transparent.png\",\"contentUrl\":\"https:\\\/\\\/climateactionnetwork.ca\\\/wp-content\\\/uploads\\\/CAN-Rac-Canada-logo-cmyk-png-transparent.png\",\"width\":1181,\"height\":1181,\"caption\":\"Climate Action Network - R\u00e9seau action climat Canada\"},\"image\":{\"@id\":\"https:\\\/\\\/climateactionnetwork.ca\\\/#\\\/schema\\\/logo\\\/image\\\/\"},\"sameAs\":[\"https:\\\/\\\/www.facebook.com\\\/climate.action.network.canada\",\"https:\\\/\\\/x.com\\\/CANRacCanada\"]}]}<\/script>\n<!-- \/ Yoast SEO plugin. -->","yoast_head_json":{"title":"Soutenez-nous - Climate Action Network Canada (CAN-Rac)","robots":{"index":"index","follow":"follow","max-snippet":"max-snippet:-1","max-image-preview":"max-image-preview:large","max-video-preview":"max-video-preview:-1"},"canonical":"https:\/\/climateactionnetwork.ca\/fr\/impliquez-vous\/soutenez-nous\/","og_locale":"fr_FR","og_type":"article","og_title":"Soutenez-nous - Climate Action Network Canada (CAN-Rac)","og_url":"https:\/\/climateactionnetwork.ca\/fr\/impliquez-vous\/soutenez-nous\/","og_site_name":"Climate Action Network Canada (CAN-Rac)","article_publisher":"https:\/\/www.facebook.com\/climate.action.network.canada","article_modified_time":"2022-08-29T20:17:24+00:00","og_image":[{"width":1267,"height":845,"url":"https:\/\/climateactionnetwork.ca\/wp-content\/uploads\/AdobeStock_255927791.jpeg","type":"image\/jpeg"}],"twitter_card":"summary_large_image","twitter_site":"@CANRacCanada","twitter_misc":{"Dur\u00e9e de lecture estim\u00e9e":"4 minutes"},"schema":{"@context":"https:\/\/schema.org","@graph":[{"@type":"WebPage","@id":"https:\/\/climateactionnetwork.ca\/fr\/impliquez-vous\/soutenez-nous\/","url":"https:\/\/climateactionnetwork.ca\/fr\/impliquez-vous\/soutenez-nous\/","name":"Soutenez-nous - Climate Action Network Canada (CAN-Rac)","isPartOf":{"@id":"https:\/\/climateactionnetwork.ca\/#website"},"primaryImageOfPage":{"@id":"https:\/\/climateactionnetwork.ca\/fr\/impliquez-vous\/soutenez-nous\/#primaryimage"},"image":{"@id":"https:\/\/climateactionnetwork.ca\/fr\/impliquez-vous\/soutenez-nous\/#primaryimage"},"thumbnailUrl":"https:\/\/climateactionnetwork.ca\/wp-content\/uploads\/AdobeStock_255927791.jpeg","datePublished":"2022-03-07T21:15:50+00:00","dateModified":"2022-08-29T20:17:24+00:00","breadcrumb":{"@id":"https:\/\/climateactionnetwork.ca\/fr\/impliquez-vous\/soutenez-nous\/#breadcrumb"},"inLanguage":"fr-FR","potentialAction":[{"@type":"ReadAction","target":["https:\/\/climateactionnetwork.ca\/fr\/impliquez-vous\/soutenez-nous\/"]}]},{"@type":"ImageObject","inLanguage":"fr-FR","@id":"https:\/\/climateactionnetwork.ca\/fr\/impliquez-vous\/soutenez-nous\/#primaryimage","url":"https:\/\/climateactionnetwork.ca\/wp-content\/uploads\/AdobeStock_255927791.jpeg","contentUrl":"https:\/\/climateactionnetwork.ca\/wp-content\/uploads\/AdobeStock_255927791.jpeg","width":1267,"height":845},{"@type":"BreadcrumbList","@id":"https:\/\/climateactionnetwork.ca\/fr\/impliquez-vous\/soutenez-nous\/#breadcrumb","itemListElement":[{"@type":"ListItem","position":1,"name":"Home","item":"https:\/\/climateactionnetwork.ca\/fr\/"},{"@type":"ListItem","position":2,"name":"Impliquez-vous","item":"https:\/\/climateactionnetwork.ca\/fr\/impliquez-vous\/"},{"@type":"ListItem","position":3,"name":"Soutenez-nous"}]},{"@type":"WebSite","@id":"https:\/\/climateactionnetwork.ca\/#website","url":"https:\/\/climateactionnetwork.ca\/","name":"Climate Action Network Canada (CAN-Rac)","description":"Climate Action Network Canada (CAN-Rac)","publisher":{"@id":"https:\/\/climateactionnetwork.ca\/#organization"},"potentialAction":[{"@type":"SearchAction","target":{"@type":"EntryPoint","urlTemplate":"https:\/\/climateactionnetwork.ca\/?s={search_term_string}"},"query-input":{"@type":"PropertyValueSpecification","valueRequired":true,"valueName":"search_term_string"}}],"inLanguage":"fr-FR"},{"@type":"Organization","@id":"https:\/\/climateactionnetwork.ca\/#organization","name":"Climate Action Network - R\u00e9seau action climat Canada","alternateName":"CAN-Rac","url":"https:\/\/climateactionnetwork.ca\/","logo":{"@type":"ImageObject","inLanguage":"fr-FR","@id":"https:\/\/climateactionnetwork.ca\/#\/schema\/logo\/image\/","url":"https:\/\/climateactionnetwork.ca\/wp-content\/uploads\/CAN-Rac-Canada-logo-cmyk-png-transparent.png","contentUrl":"https:\/\/climateactionnetwork.ca\/wp-content\/uploads\/CAN-Rac-Canada-logo-cmyk-png-transparent.png","width":1181,"height":1181,"caption":"Climate Action Network - R\u00e9seau action climat Canada"},"image":{"@id":"https:\/\/climateactionnetwork.ca\/#\/schema\/logo\/image\/"},"sameAs":["https:\/\/www.facebook.com\/climate.action.network.canada","https:\/\/x.com\/CANRacCanada"]}]}},"_links":{"self":[{"href":"https:\/\/climateactionnetwork.ca\/fr\/wp-json\/wp\/v2\/pages\/46274","targetHints":{"allow":["GET"]}}],"collection":[{"href":"https:\/\/climateactionnetwork.ca\/fr\/wp-json\/wp\/v2\/pages"}],"about":[{"href":"https:\/\/climateactionnetwork.ca\/fr\/wp-json\/wp\/v2\/types\/page"}],"author":[{"embeddable":true,"href":"https:\/\/climateactionnetwork.ca\/fr\/wp-json\/wp\/v2\/users\/18"}],"replies":[{"embeddable":true,"href":"https:\/\/climateactionnetwork.ca\/fr\/wp-json\/wp\/v2\/comments?post=46274"}],"version-history":[{"count":15,"href":"https:\/\/climateactionnetwork.ca\/fr\/wp-json\/wp\/v2\/pages\/46274\/revisions"}],"predecessor-version":[{"id":47219,"href":"https:\/\/climateactionnetwork.ca\/fr\/wp-json\/wp\/v2\/pages\/46274\/revisions\/47219"}],"up":[{"embeddable":true,"href":"https:\/\/climateactionnetwork.ca\/fr\/wp-json\/wp\/v2\/pages\/46270"}],"wp:featuredmedia":[{"embeddable":true,"href":"https:\/\/climateactionnetwork.ca\/fr\/wp-json\/wp\/v2\/media\/807"}],"wp:attachment":[{"href":"https:\/\/climateactionnetwork.ca\/fr\/wp-json\/wp\/v2\/media?parent=46274"}],"curies":[{"name":"wp","href":"https:\/\/api.w.org\/{rel}","templated":true}]}}